{"id":30,"date":"2014-06-17T09:15:31","date_gmt":"2014-06-17T07:15:31","guid":{"rendered":"http:\/\/localhost\/?page_id=30"},"modified":"2023-06-08T00:03:03","modified_gmt":"2023-06-07T22:03:03","slug":"publications","status":"publish","type":"page","link":"https:\/\/prothetik.fh-linz.at\/?page_id=30","title":{"rendered":"Publications"},"content":{"rendered":"<h4><strong>Publications 2022<\/strong><\/h4>\n<ol>\n<li>&#8220;Rekonstruktion des Tastsinnes bei bionischen Gliedma\u00dfen-Prothesen&#8221;, Egger, H., 2022, <em>Die <\/em>Wissenschaftskommission beim Bumdesministerium f\u00fcr Landesverteidigung: Funktionsperiode 2017 &#8211; 2022. <a href=\"http:\/\/prothetik.fh-linz.at\/wp-content\/uploads\/2023\/06\/Drucksensoren-Orth_Hilfsmittel.pdf\">[DOWNLOAD]<\/a><\/li>\n<li>&#8220;Nahtlose und dauerhafte Integration weicher und dehnbarer Drucksensoren in individuell angepasste und digital gefertigte orthop\u00e4dische Hilfsmittel&#8221;,Koeppe, R., Wakolbinger, L., Kainz, Handstanger-Deimlinz, Vereshchaga &amp; Egger, H., 2022, in: Orthop\u00e4die Technik. <a href=\"http:\/\/prothetik.fh-linz.at\/wp-content\/uploads\/2023\/06\/Drucksensoren-Orth_Hilfsmittel.pdf\">[DOWNLOAD]<\/a><\/li>\n<\/ol>\n<h4><strong>Publications 2018<\/strong><\/h4>\n<ol>\n<li class=\"title\">&#8220;Sensible Nerv-Transfer-Operation (TSR) und Anpassung einer \u201ef\u00fchlenden Beinprothese\u201c: Ein Fallbericht&#8221;, Egger, H. &amp; Baur, E. M., <span class=\"date\">Nov. 2018<\/span>, <span class=\"journal\">in: Orthop\u00e4die-Report.<\/span> p<span class=\"pages\">. 44-47<a href=\"http:\/\/prothetik.fh-linz.at\/wp-content\/uploads\/2023\/06\/OT_2018_Baur_Egger.pdf\"><span class=\"numberofpages\"> [DOWNLOAD]<\/span><\/a><\/span><\/li>\n<\/ol>\n<h4><strong>Publications 2016<br \/>\n<\/strong><\/h4>\n<ol>\n<li>&#8220;proCover: Sensory Augmentation of Prosthetic Limbs Using Smart Textile Covers&#8221;, Leong, J., Parzer, P., Perteneder, F., Babi\u010d, T., Rendl, C., Vogl, A., Egger, H., Olwal, A. &amp; Haller, M., 16 Okt. 2016, in: ACM Computing Surveys. p. 335-346 12 . <a href=\"http:\/\/prothetik.fh-linz.at\/wp-content\/uploads\/2023\/06\/2016-07-18-proCover-camready.pdf\">[DOWNLOAD]<\/a><\/li>\n<li>&#8220;Ein neuer Ansatz f\u00fcr eine sensitive Beinprothese \u2013 eine Fallstudie: Sensorische R\u00fcckmeldung mittels umgelagerter sensorischer Nerven aus dem Fu\u00dfbereich&#8221;, Baur, E. M., Haslwanter, T., Salzmann, S. &amp; Egger, H., Juli 2016, in: Orthop\u00e4die-Report. p. 62 <a href=\"http:\/\/prothetik.fh-linz.at\/wp-content\/uploads\/2023\/06\/OT0716.pdf\">[DOWNLOAD]<\/a><\/li>\n<li>&#8220;A novel approach for a touch-sensitve prosthetic leg&#8221;\u00a0 Salzmann, S., Egger, H., Baur, E-M., Bauer, T. &amp; Haslwanter, T., 2016. [DOWNLOAD]<\/li>\n<li>&#8220;A novel approach for a sensitive prosthetic leg \u2013 A case study&#8221;, Salzmann, S., Haslwanter, T., Baur, E-M., Bauer, T. &amp; Egger, H., 2016, <em>OT World.<\/em><\/li>\n<\/ol>\n<h4><strong>Publications 2015<\/strong><\/h4>\n<ol>\n<li>Egger &#8220;Amputation und Prothesenversorgung&#8221; Citymanagement, p<span class=\"pages\"><span class=\"pages\">. 11-p. 12, Release October 2015 <a href=\"http:\/\/prothetik.fh-linz.at\/wp-content\/uploads\/2023\/06\/Citymanagement-1.pdf\">[DOWNLOAD pdf Citymanagement 2015]<\/a><\/span><\/span><\/li>\n<li>Egger &#8220;Ganganalyse in der prothetischen Versorgung&#8221; Orthop\u00e4die Aktuell, p. 06-p. 10, Release 27, <a href=\"http:\/\/prothetik.fh-linz.at\/wp-content\/uploads\/2023\/06\/or-2014-2015-prof-dr-ing-h-egger-fortschritte-in-der-prothetischen-versorgung-beinamputierter-menschen-45-mb.pdf\">[DOWNLOAD pdf Orthop\u00e4die Aktuell_27_2015]<\/a><\/li>\n<\/ol>\n<h4><strong>Publications 2014<\/strong><\/h4>\n<ol>\n<li>Egger \u201cFortschritte in der prothetischen Versorgung beinamputierter Patienten\u201c, Orthop\u00e4die Aktuell, p. 23-p. 25, Release October 2014 <a href=\"http:\/\/prothetik.fh-linz.at\/wp-content\/uploads\/2015\/07\/Orthop\u00e4die-Aktuell_10_2014.pdf\">[DOWNLOAD pdf Orthop\u00e4die Aktuell_10_2014]<\/a><\/li>\n<li>Egger \u201eGanganalyse in der prothetischen Versorgung\u201c, Eurocom e.V., p.1-p.6, Release October 2014 <a href=\"http:\/\/prothetik.fh-linz.at\/wp-content\/uploads\/2015\/07\/Eurocom_10_2014.pdf\">[DOWNLOAD pdf Eurocom_10_2014]<\/a><\/li>\n<li>Egger, Haslwanter, Merwa \u201eGedanken steuern Maschinen \u2013 Moderne Technologien f\u00fcr Schwerstbehinderung\u201c Kongressband \u201eIntegrierte Versorgung. Neu Denken \u2013 Innovativ Handeln\u201c, 2014 <a href=\"http:\/\/prothetik.fh-linz.at\/wp-content\/uploads\/2015\/07\/IV-Kongress-2014_egger_V4.pdf\">[DOWNLOAD pdf IV-Kongress 2014]<\/a><\/li>\n<\/ol>\n<h4><strong>Publications 2010<\/strong><\/h4>\n<ol>\n<li>Egger \u201cDie Gedankengesteuerte Armprothese und die f\u00fchlende Armprothese\u201c, Orthop\u00e4dietechnik\/Armprothetik p.156- p.161, Release March 2010 <a href=\"http:\/\/prothetik.fh-linz.at\/wp-content\/uploads\/2015\/07\/Orthop\u00e4die_3_2010.pdf\">[DOWNLOAD pdf Orthop\u00e4die_3_2010]<\/a><\/li>\n<li>Egger \u201eDie f\u00fchlende Handprothese\u201c, Nano Circle \u2013 Innovative Techniken und Trends, Credit Suisse, p.5-p.7, Release March 2010 <a href=\"http:\/\/prothetik.fh-linz.at\/wp-content\/uploads\/2015\/07\/Nano_Circle_Newsletter_Maerz_2010_d.pdf\">[DOWNLOAD pdf Nano_Circle_3_2010]<\/a><\/li>\n<\/ol>\n<h4><strong>\u00a0Publications 2000-1991<\/strong><\/h4>\n<p><a href=\"http:\/\/prothetik.fh-linz.at\/wp-content\/uploads\/2015\/07\/Publication-list.pdf\">Publication list [DOWNLOAD]<\/a><a href=\"http:\/\/prothetik.fh-linz.at\/wp-content\/uploads\/2023\/06\/Ehernmedaille-Egger-Brunner.jpg\"><img loading=\"lazy\" decoding=\"async\" class=\" wp-image-3814 alignright\" src=\"http:\/\/prothetik.fh-linz.at\/wp-content\/uploads\/2023\/06\/Ehernmedaille-Egger-Brunner-79x100.jpg\" alt=\"\" width=\"119\" height=\"151\" srcset=\"https:\/\/prothetik.fh-linz.at\/wp-content\/uploads\/2023\/06\/Ehernmedaille-Egger-Brunner-79x100.jpg 79w, https:\/\/prothetik.fh-linz.at\/wp-content\/uploads\/2023\/06\/Ehernmedaille-Egger-Brunner-285x360.jpg 285w, https:\/\/prothetik.fh-linz.at\/wp-content\/uploads\/2023\/06\/Ehernmedaille-Egger-Brunner-768x972.jpg 768w, https:\/\/prothetik.fh-linz.at\/wp-content\/uploads\/2023\/06\/Ehernmedaille-Egger-Brunner-700x886.jpg 700w, https:\/\/prothetik.fh-linz.at\/wp-content\/uploads\/2023\/06\/Ehernmedaille-Egger-Brunner-332x420.jpg 332w, https:\/\/prothetik.fh-linz.at\/wp-content\/uploads\/2023\/06\/Ehernmedaille-Egger-Brunner.jpg 803w\" sizes=\"auto, (max-width: 119px) 100vw, 119px\" \/><\/a><\/p>\n<h1>\u00a0Awards<span id=\"Auszeichnungen_und_Ehrungen\" class=\"mw-headline\"><\/span><\/h1>\n<ul>\n<li>2019: Conferment of the honorary medal for services to the city of Brixen and the community by the local municipality in the Forum Brixen auditorium.<\/li>\n<li>2015: Second recognition as &#8220;Upper Austrian of the Day&#8221; by the Ober\u00f6sterreichische Nachrichten.<\/li>\n<li>2013: First recognition as &#8220;Upper Austrian of the Day&#8221; by the Ober\u00f6sterreichische Nachrichten.<\/li>\n<li>2013: Recognition as &#8220;South Tyrolean of the Day&#8221; by the radio station S\u00fcdtirol1.<\/li>\n<li>2009: Award for outstanding professional achievements by the mayor of the hometown Brixen.<\/li>\n<li>2008: First place award in the Vienna Future Prize for the project &#8220;Thought-Controlled Arm Prosthesis&#8221; by the mayor of Vienna.<\/li>\n<li>1996: Grant award for young South Tyroleans abroad from the initiative &#8220;Futura&#8221; in South Tyrol.<\/li>\n<\/ul>\n","protected":false},"excerpt":{"rendered":"<p>Publications 2022 &#8220;Rekonstruktion des Tastsinnes bei bionischen Gliedma\u00dfen-Prothesen&#8221;, Egger, H., 2022, Die Wissenschaftskommission beim Bumdesministerium f\u00fcr Landesverteidigung: Funktionsperiode 2017 &#8211; 2022. [DOWNLOAD] &#8220;Nahtlose und dauerhafte Integration weicher und dehnbarer Drucksensoren in individuell angepasste und digital gefertigte orthop\u00e4dische Hilfsmittel&#8221;,Koeppe, R., Wakolbinger, L., Kainz, Handstanger-Deimlinz, Vereshchaga &amp; Egger, H., 2022, in: Orthop\u00e4die &#8230;<\/p>\n","protected":false},"author":1,"featured_media":0,"parent":0,"menu_order":5,"comment_status":"closed","ping_status":"closed","template":"template-content-sidebar.php","meta":{"footnotes":""},"class_list":["post-30","page","type-page","status-publish","hentry","column","twocol"],"jetpack_shortlink":"https:\/\/wp.me\/P5MOcy-u","jetpack_sharing_enabled":true,"_links":{"self":[{"href":"https:\/\/prothetik.fh-linz.at\/index.php?rest_route=\/wp\/v2\/pages\/30","targetHints":{"allow":["GET"]}}],"collection":[{"href":"https:\/\/prothetik.fh-linz.at\/index.php?rest_route=\/wp\/v2\/pages"}],"about":[{"href":"https:\/\/prothetik.fh-linz.at\/index.php?rest_route=\/wp\/v2\/types\/page"}],"author":[{"embeddable":true,"href":"https:\/\/prothetik.fh-linz.at\/index.php?rest_route=\/wp\/v2\/users\/1"}],"replies":[{"embeddable":true,"href":"https:\/\/prothetik.fh-linz.at\/index.php?rest_route=%2Fwp%2Fv2%2Fcomments&post=30"}],"version-history":[{"count":70,"href":"https:\/\/prothetik.fh-linz.at\/index.php?rest_route=\/wp\/v2\/pages\/30\/revisions"}],"predecessor-version":[{"id":3850,"href":"https:\/\/prothetik.fh-linz.at\/index.php?rest_route=\/wp\/v2\/pages\/30\/revisions\/3850"}],"wp:attachment":[{"href":"https:\/\/prothetik.fh-linz.at\/index.php?rest_route=%2Fwp%2Fv2%2Fmedia&parent=30"}],"curies":[{"name":"wp","href":"https:\/\/api.w.org\/{rel}","templated":true}]}}