{"id":226,"date":"2014-06-26T13:06:35","date_gmt":"2014-06-26T11:06:35","guid":{"rendered":"http:\/\/prothetik.fh-linz.at\/?page_id=226"},"modified":"2023-06-13T21:22:57","modified_gmt":"2023-06-13T19:22:57","slug":"contact","status":"publish","type":"page","link":"https:\/\/prothetik.fh-linz.at\/?page_id=226","title":{"rendered":"Contact"},"content":{"rendered":"<h3><\/h3>\n<p><strong>FH-Prof. Dipl.-Ing. Dr. techn. Hubert Egger<br \/>\n<\/strong>DI, MI: 8:00 Uhr \u2013 17:00 Uhr<br \/>\nDO:\u00a0\u00a0\u00a0\u00a0 8:00 Uhr \u2013 12:00 Uhr<br \/>\nStudiengang Medizintechnik<br \/>\nFakult\u00e4t f\u00fcr Medizintechnik und<br \/>\nAngewandte Sozialwissenschaften<\/p>\n<p>Garnisonstra\u00dfe 21<br \/>\n4020 Linz\/Austria<br \/>\nTel.: +43 (0)50804 52190<br \/>\nFax.: +43 (0)50804 952190<br \/>\ne-mail: <a href=\"mailto:hubert.egger@fh-linz.at\">hubert.egger@fh-linz.at<\/a><br \/>\nWeb: <a href=\"https:\/\/prothetik.fh-linz.at\/\">prothetik.fh-linz.at<\/a><br \/>\nFirmenbuchgericht\/Court of registry: Landesgericht Wels<br \/>\nFirmenbuchnummer\/Company registration: FN 236729 g<\/p>\n<h3>How to get here<\/h3>\n<p>Travel description to the School of Applied Health and Social Sciences can be found <a href=\"http:\/\/www-en.fh-ooe.at\/linz-campus\/campus\/getting-here\/\">here<\/a> and is further provided by the following map.<\/p>\n<p><iframe loading=\"lazy\" style=\"border: 0px currentColor;\" src=\"https:\/\/www.google.com\/maps\/embed?pb=!1m14!1m8!1m3!1d5308.230115790587!2d14.3096525385529!3d48.3006385188161!3m2!1i1024!2i768!4f13.1!3m3!1m2!1s0x477397f3e85ca797%3A0x69336e399200549c!2sFachhochschule-Studieng%C3%A4nge!5e0!3m2!1sde!2sat!4v1403799136067\" width=\"100%\" height=\"auto\" frameborder=\"0\"><\/iframe><\/p>\n","protected":false},"excerpt":{"rendered":"<p>FH-Prof. Dipl.-Ing. Dr. techn. Hubert Egger DI, MI: 8:00 Uhr \u2013 17:00 Uhr DO:\u00a0\u00a0\u00a0\u00a0 8:00 Uhr \u2013 12:00 Uhr Studiengang Medizintechnik Fakult\u00e4t f\u00fcr Medizintechnik und Angewandte Sozialwissenschaften Garnisonstra\u00dfe 21 4020 Linz\/Austria Tel.: +43 (0)50804 52190 Fax.: +43 (0)50804 952190 e-mail: hubert.egger@fh-linz.at Web: prothetik.fh-linz.at Firmenbuchgericht\/Court of registry: Landesgericht Wels Firmenbuchnummer\/Company registration: &#8230;<\/p>\n","protected":false},"author":1,"featured_media":0,"parent":0,"menu_order":0,"comment_status":"closed","ping_status":"open","template":"template-content-sidebar.php","meta":{"footnotes":""},"class_list":["post-226","page","type-page","status-publish","hentry","column","twocol"],"jetpack_shortlink":"https:\/\/wp.me\/P5MOcy-3E","jetpack_sharing_enabled":true,"_links":{"self":[{"href":"https:\/\/prothetik.fh-linz.at\/index.php?rest_route=\/wp\/v2\/pages\/226","targetHints":{"allow":["GET"]}}],"collection":[{"href":"https:\/\/prothetik.fh-linz.at\/index.php?rest_route=\/wp\/v2\/pages"}],"about":[{"href":"https:\/\/prothetik.fh-linz.at\/index.php?rest_route=\/wp\/v2\/types\/page"}],"author":[{"embeddable":true,"href":"https:\/\/prothetik.fh-linz.at\/index.php?rest_route=\/wp\/v2\/users\/1"}],"replies":[{"embeddable":true,"href":"https:\/\/prothetik.fh-linz.at\/index.php?rest_route=%2Fwp%2Fv2%2Fcomments&post=226"}],"version-history":[{"count":75,"href":"https:\/\/prothetik.fh-linz.at\/index.php?rest_route=\/wp\/v2\/pages\/226\/revisions"}],"predecessor-version":[{"id":4411,"href":"https:\/\/prothetik.fh-linz.at\/index.php?rest_route=\/wp\/v2\/pages\/226\/revisions\/4411"}],"wp:attachment":[{"href":"https:\/\/prothetik.fh-linz.at\/index.php?rest_route=%2Fwp%2Fv2%2Fmedia&parent=226"}],"curies":[{"name":"wp","href":"https:\/\/api.w.org\/{rel}","templated":true}]}}